{"id":17,"date":"2018-03-05T14:31:44","date_gmt":"2018-03-05T14:31:44","guid":{"rendered":"http:\/\/cdn.jevelin.shufflehound.com\/coming-soon\/?page_id=5"},"modified":"2021-02-05T11:04:47","modified_gmt":"2021-02-05T11:04:47","slug":"home","status":"publish","type":"page","link":"https:\/\/terpsichore.ro\/","title":{"rendered":"Home"},"content":{"rendered":"\r\n<section class=\"sh-section sh-section-fd30b882a68f5ed8a204ffae26772b93 fw-main-row sh-section-visibility-everywhere\">\r\n\t\r\n\t\t\t<script type=\"text\/javascript\">\r\n\t\t\tjQuery(document).ready(function($) {\r\n\t\t\t\t\r\n\t\t\t\t\tif( $(window).width() >= 800 ) {\r\n\t\t\t\t\t\tif( document.documentMode || \/Edge\/.test(navigator.userAgent) ) {\r\n\t\t\t\t\t\t\t$('.sh-section-fd30b882a68f5ed8a204ffae26772b93').css( 'background-attachment', 'fixed' );\r\n\t\t\t\t\t\t} else {\r\n\t\t\t\t\t\t\t$('.sh-section-fd30b882a68f5ed8a204ffae26772b93').jarallax({\r\n\t\t\t\t\t\t\t\tspeed: 0.2\t\t\t\t\t\t\t});\r\n\t\t\t\t\t\t}\r\n\t\t\t\t\t}\r\n\r\n\t\t\t\t\t\t\t\t\t\t\t});\r\n\t\t<\/script>\r\n\t\r\n\t<div class=\"sh-section-container container\">\r\n\t\t<div class=\"fw-row\">\n\t\r\n<div class=\"sh-column sh-column-e8dd896dd11e33f20a5f74d8d5704bf1 fw-col-xs-12\" >\r\n\r\n\t\r\n\t<div class=\"sh-column-wrapper\">\r\n\t\t\r\n<div id=\"text-block-98b838cb14828f1bb30771b38ffc6b10\" class=\"sh-text-block\">\r\n\t<p style=\"text-align: center;\"><span style=\"color: #ffffff;\"><strong>\u00ceN CUR\u00c2ND VOM FI DIGITALI<\/strong><\/span><\/p><\/div>\r\n\r\n<div class=\"sh-heading  \" id=\"heading-867d718c1e538b5f2995dad162328747\">\r\n\t<div class=\"sh-element-margin\">\r\n\r\n\t\t\r\n\t\t\t<h1 class=\"sh-heading-content size-default text-center\">\r\n\t\t\t\t\t\t\t<\/h1>\r\n\r\n\t\t\r\n\t<\/div>\r\n<\/div>\r\n\r\n<div class=\"sh-heading  \" id=\"heading-a1ce2e23925e1da97aabc385091d4bce\">\r\n\t<div class=\"sh-element-margin\">\r\n\r\n\t\t\r\n\t\t\t<h1 class=\"sh-heading-content size-xxl text-center\">\r\n\t\t\t\tCre\u0103m puntea de leg\u0103tur\u0103\t\t\t<\/h1>\r\n\r\n\t\t\r\n\t<\/div>\r\n<\/div>\r\n\r\n<div class=\"sh-empty-space\" id=\"empty-space-2b6c74bdf7de152d97b3036896dc2894\"><\/div>\r\n\t<\/div>\r\n\r\n\r\n\t\t\r\n\r\n<\/div>\r\n<\/div>\n\n<div class=\"fw-row\">\n\t\r\n<div class=\"sh-column sh-column-376dd3483b96ed23d432c1c53b2891e2 fw-col-xs-12\" >\r\n\r\n\t\r\n\t<div class=\"sh-column-wrapper\">\r\n\t\t\r\n<div id=\"cf7-114\" class=\"sh-cf7 sh-cf7-unyson sh-cf7-style3\">\r\n    <\/div>\r\n\r\n<div class=\"sh-empty-space\" id=\"empty-space-00111dccdf3b1bbe8d713e818fcc5a96\"><\/div>\r\n\t<\/div>\r\n\r\n\r\n\t\t\r\n\r\n<\/div>\r\n<\/div>\n\n<div class=\"fw-row\">\n\t\r\n<div class=\"sh-column sh-column-68f03c0949a7a6c64666357fefc9e6f9 fw-col-xs-12\" >\r\n\r\n\t\r\n\t<div class=\"sh-column-wrapper\">\r\n\t\t\r\n<div id=\"text-block-a6a3d6f5aa319e25e6dade88398502f5\" class=\"sh-text-block\">\r\n\t<h4 style=\"text-align: center;\"><strong>office@terpsichore.ro<\/strong><\/h4><h4 style=\"text-align: center;\"><strong>+40 742 071 530<\/strong><\/h4><\/div>\r\n\r\n<div class=\"sh-empty-space\" id=\"empty-space-84980a1366c325228395954eb9cc72d8\"><\/div>\r\n\r\n<div id=\"text-block-62285fc04ba22310c02fb1decc909218\" class=\"sh-text-block\">\r\n\t<p style=\"text-align: center;\"><span style=\"color: rgba(255,255,255,0.4);\">\u00a9 Asociatia Terpsichore<\/span><\/p><\/div>\r\n\t<\/div>\r\n\r\n\r\n\t\t\r\n\r\n<\/div>\r\n<\/div>\n\n\t<\/div>\r\n<\/section>\r\n\n","protected":false},"excerpt":{"rendered":"<p>\u00ceN CUR\u00c2ND VOM FI DIGITALI Cre\u0103m puntea de leg\u0103tur\u0103 office@terpsichore.ro+40 742 071 530 \u00a9 Asociatia Terpsichore<\/p>\n","protected":false},"author":1,"featured_media":0,"parent":0,"menu_order":0,"comment_status":"closed","ping_status":"closed","template":"","meta":{"footnotes":""},"_links":{"self":[{"href":"https:\/\/terpsichore.ro\/index.php\/wp-json\/wp\/v2\/pages\/17"}],"collection":[{"href":"https:\/\/terpsichore.ro\/index.php\/wp-json\/wp\/v2\/pages"}],"about":[{"href":"https:\/\/terpsichore.ro\/index.php\/wp-json\/wp\/v2\/types\/page"}],"author":[{"embeddable":true,"href":"https:\/\/terpsichore.ro\/index.php\/wp-json\/wp\/v2\/users\/1"}],"replies":[{"embeddable":true,"href":"https:\/\/terpsichore.ro\/index.php\/wp-json\/wp\/v2\/comments?post=17"}],"version-history":[{"count":13,"href":"https:\/\/terpsichore.ro\/index.php\/wp-json\/wp\/v2\/pages\/17\/revisions"}],"predecessor-version":[{"id":165,"href":"https:\/\/terpsichore.ro\/index.php\/wp-json\/wp\/v2\/pages\/17\/revisions\/165"}],"wp:attachment":[{"href":"https:\/\/terpsichore.ro\/index.php\/wp-json\/wp\/v2\/media?parent=17"}],"curies":[{"name":"wp","href":"https:\/\/api.w.org\/{rel}","templated":true}]}}